{"id":8478,"date":"2025-06-30T21:02:58","date_gmt":"2025-06-30T21:02:58","guid":{"rendered":"https:\/\/movimentolivre.com\/?page_id=8478"},"modified":"2025-09-16T08:16:08","modified_gmt":"2025-09-16T08:16:08","slug":"terms-and-conditions","status":"publish","type":"page","link":"https:\/\/movimentolivre.com\/es\/terms-and-conditions\/","title":{"rendered":"T\u00e9rminos y Condiciones"},"content":{"rendered":"<p><strong>Fecha de entrada en vigor:<\/strong> 16 de septiembre de 2025<br><strong>Empresa:<\/strong> Movimento Livre Sociedade Unipessoal Lda<br><strong>Sitio web:<\/strong> <a href=\"https:\/\/movimentolivre.com\/es\/\">https:\/\/movimentolivre.com\/<\/a><\/p>\n\n\n\n<h4 class=\"wp-block-heading\"><strong>Movimento Livre, Sociedade Unipessoal, Lda.<\/strong> (en lo sucesivo denominada \u00abMovimento Livre\u00bb), sociedad debidamente constituida y existente con arreglo a la legislaci\u00f3n portuguesa, con domicilio social y constituci\u00f3n en territorio portugu\u00e9s, establece las siguientes <strong>T\u00e9rminos y Condiciones para el Suministro de Bases de Datos<\/strong> (en lo sucesivo, \u00abCondiciones\u00bb), que regir\u00e1n de forma exclusiva, exhaustiva y exhaustiva las relaciones contractuales entre Movimento Livre y cualquier persona f\u00edsica o jur\u00eddica que adquiera dichas bases de datos (en lo sucesivo, \u00abCliente\u00bb).<\/h4>\n\n\n\n<hr class=\"wp-block-separator has-alpha-channel-opacity\"\/>\n\n\n\n<h3 class=\"wp-block-heading\">1. Objeto del contrato<\/h3>\n\n\n\n<p>1.1. Tras la adquisici\u00f3n, se concede al Cliente, a t\u00edtulo oneroso y sujeto al pago \u00edntegro, el derecho a recibir, en un plazo m\u00e1ximo de cuarenta y ocho (48) horas a partir de la confirmaci\u00f3n del pago, los siguientes elementos digitales:<\/p>\n\n\n\n<p>a) un archivo Excel, segmentado por pa\u00eds; y<br>b) un archivo .kml o .kmz, que contenga el conjunto completo de ubicaciones incluidas en la base de datos tramitada.<\/p>\n\n\n\n<p>1.2. La entrega de dichos ficheros se realizar\u00e1 a la direcci\u00f3n de correo electr\u00f3nico facilitada por el Cliente en el momento de la compra. El Cliente ser\u00e1 responsable de revisar su bandeja de entrada, as\u00ed como cualquier carpeta de correo no deseado o correo no deseado, y la entrega se considerar\u00e1 debidamente realizada tras el env\u00edo de los archivos por parte de Movimento Livre.<\/p>\n\n\n\n<hr class=\"wp-block-separator has-alpha-channel-opacity\"\/>\n\n\n\n<h3 class=\"wp-block-heading\">2. Limitaciones de Derechos y Uso Exclusivo<\/h3>\n\n\n\n<p>2.1. El Cliente reconoce y acepta que la adquisici\u00f3n de la base de datos no le da derecho a ning\u00fan otro bien, servicio, actualizaci\u00f3n, garant\u00eda o beneficio adicional m\u00e1s all\u00e1 de los expresamente establecidos en la Cl\u00e1usula 1 anterior.<\/p>\n\n\n\n<p>2.2. El Cliente se compromete, irrevocablemente y bajo pena de responsabilidad civil y potencialmente penal, a no reproducir, divulgar, distribuir, transferir, poner a disposici\u00f3n, sublicenciar o transmitir, en su totalidad o en parte, los archivos recibidos a terceros, ya sean personas f\u00edsicas o jur\u00eddicas, entidades p\u00fablicas o privadas. Los archivos ser\u00e1n utilizados \u00fanica y exclusivamente por el Cliente o sus empleados y personal, estrictamente dentro del alcance de sus actividades comerciales.<\/p>\n\n\n\n<hr class=\"wp-block-separator has-alpha-channel-opacity\"\/>\n\n\n\n<h3 class=\"wp-block-heading\">3. Avisos y Exenciones de Responsabilidad<\/h3>\n\n\n\n<p>3.1. Movimento Livre declara expresamente que la informaci\u00f3n contenida en la base de datos puede, por su naturaleza intr\u00ednsecamente din\u00e1mica, estar sujeta a inexactitudes, omisiones o elementos obsoletos. La compa\u00f1\u00eda no ofrece ninguna garant\u00eda en cuanto a la exactitud, integridad, puntualidad o idoneidad para un prop\u00f3sito particular de los datos proporcionados.<\/p>\n\n\n\n<p>3.2. Sin limitaci\u00f3n, las siguientes circunstancias pueden ocurrir sin constituir un incumplimiento contractual o motivos de responsabilidad:<\/p>\n\n\n\n<p>i) datos recopilados de fuentes obsoletas, incluidos sitios web o im\u00e1genes hist\u00f3ricas;<br>ii) el cierre de las instalaciones de estacionamiento, su uso gratuito posterior o los cambios en la designaci\u00f3n de la planificaci\u00f3n urbana;<br>iii) expiraci\u00f3n de los contratos de concesi\u00f3n, sustituci\u00f3n de operadores o transferencia de activos a nuevas entidades gestoras;<br>iv) errores tipogr\u00e1ficos o inexactitudes cartogr\u00e1ficas que afecten a direcciones o coordenadas geogr\u00e1ficas;<br>v) m\u00faltiples designaciones para la misma instalaci\u00f3n de estacionamiento, con una sola designaci\u00f3n incluida en la base de datos;<br>vi) entradas f\u00edsicas m\u00faltiples para la misma instalaci\u00f3n, con informaci\u00f3n proporcionada solo para una de ellas;<br>vii) inexactitudes, aproximaciones o exageraciones con respecto a la capacidad de estacionamiento, a menudo notificadas por operadores sin verificaci\u00f3n independiente por parte de Movimento Livre;<br>viii) clasificaci\u00f3n o categorizaci\u00f3n de las instalaciones de estacionamiento sobre la base de un solo criterio o tipolog\u00eda principal, incluso si pueden servir a otras categor\u00edas;<br>ix) exclusi\u00f3n de los aparcamientos gratuitos o de las zonas de medici\u00f3n en la calle, excepto en el caso de las instalaciones estructuradas;<br>x) el uso de herramientas de inteligencia artificial en el proceso de recogida o tratamiento de datos, con las limitaciones inherentes de dichas tecnolog\u00edas que pueden afectar a la calidad de la informaci\u00f3n final.<\/p>\n\n\n\n<p>3.3. El Cliente acepta que todos los riesgos asociados con el uso de la base de datos recaen exclusivamente sobre ellos, renunciando expresamente a cualquier reclamaci\u00f3n, indemnizaci\u00f3n o acci\u00f3n contra Movimento Livre, excepto en el caso de mala conducta intencional comprobada y directa por parte de la empresa.<\/p>\n\n\n\n<hr class=\"wp-block-separator has-alpha-channel-opacity\"\/>\n\n\n\n<h3 class=\"wp-block-heading\">4. Disposiciones finales<\/h3>\n\n\n\n<p>4.1. La adquisici\u00f3n de la base de datos implica la plena aceptaci\u00f3n de estos T\u00e9rminos, y el Cliente no puede invocar la falta de conocimiento o divergencia interpretativa.<\/p>\n\n\n\n<p>4.2. En caso de que cualquier cl\u00e1usula se considere nula o inaplicable, dicha invalidez no afectar\u00e1 a la validez de las disposiciones restantes.<\/p>\n\n\n\n<p>4.3. Este contrato se rige por la ley portuguesa, y los tribunales del Distrito de Lisboa tendr\u00e1n jurisdicci\u00f3n exclusiva para resolver cualquier disputa que surja a continuaci\u00f3n, con renuncia expresa a cualquier otra jurisdicci\u00f3n.<\/p>","protected":false},"excerpt":{"rendered":"<p>Effective Date: 16th, September, 2025Company: Movimento Livre Sociedade Unipessoal LdaWebsite: https:\/\/movimentolivre.com\/ Movimento Livre, Sociedade Unipessoal, Lda. (hereinafter referred to as \u201cMovimento Livre\u201d), a company duly incorporated and existing under Portuguese law, with registered office and incorporation in Portuguese territory, hereby establishes these Terms and Conditions for the Supply of Databases (hereinafter \u201cTerms\u201d), which shall exclusively, [&hellip;]<\/p>","protected":false},"author":1,"featured_media":0,"parent":0,"menu_order":0,"comment_status":"closed","ping_status":"closed","template":"","meta":{"footnotes":""},"class_list":["post-8478","page","type-page","status-publish","hentry"],"_links":{"self":[{"href":"https:\/\/movimentolivre.com\/es\/wp-json\/wp\/v2\/pages\/8478","targetHints":{"allow":["GET"]}}],"collection":[{"href":"https:\/\/movimentolivre.com\/es\/wp-json\/wp\/v2\/pages"}],"about":[{"href":"https:\/\/movimentolivre.com\/es\/wp-json\/wp\/v2\/types\/page"}],"author":[{"embeddable":true,"href":"https:\/\/movimentolivre.com\/es\/wp-json\/wp\/v2\/users\/1"}],"replies":[{"embeddable":true,"href":"https:\/\/movimentolivre.com\/es\/wp-json\/wp\/v2\/comments?post=8478"}],"version-history":[{"count":2,"href":"https:\/\/movimentolivre.com\/es\/wp-json\/wp\/v2\/pages\/8478\/revisions"}],"predecessor-version":[{"id":20958,"href":"https:\/\/movimentolivre.com\/es\/wp-json\/wp\/v2\/pages\/8478\/revisions\/20958"}],"wp:attachment":[{"href":"https:\/\/movimentolivre.com\/es\/wp-json\/wp\/v2\/media?parent=8478"}],"curies":[{"name":"wp","href":"https:\/\/api.w.org\/{rel}","templated":true}]}}